{"id":67,"date":"2021-10-12T08:04:29","date_gmt":"2021-10-12T06:04:29","guid":{"rendered":"http:\/\/positivesinnovations.fr\/?page_id=67"},"modified":"2024-11-19T09:35:35","modified_gmt":"2024-11-19T08:35:35","slug":"accompagnement","status":"publish","type":"page","link":"https:\/\/www.positivesinnovations.fr\/index.php\/accompagnement\/","title":{"rendered":"#Entreprises #Collectivit\u00e9s  #Associations"},"content":{"rendered":"\n<h6 class=\"wp-block-heading\"><strong>Ils nous ont fait confiance :<\/strong><\/h6>\n\n\n\n<figure class=\"wp-block-gallery alignleft has-nested-images columns-default is-cropped wp-block-gallery-1 is-layout-flex wp-block-gallery-is-layout-flex\">\n<figure class=\"wp-block-image size-large\"><img loading=\"lazy\" decoding=\"async\" width=\"1024\" height=\"479\" data-id=\"433\" src=\"https:\/\/www.positivesinnovations.fr\/wp-content\/uploads\/2024\/11\/Capture-1024x479.jpg\" alt=\"\" class=\"wp-image-433\" srcset=\"https:\/\/www.positivesinnovations.fr\/wp-content\/uploads\/2024\/11\/Capture-1024x479.jpg 1024w, https:\/\/www.positivesinnovations.fr\/wp-content\/uploads\/2024\/11\/Capture-300x140.jpg 300w, https:\/\/www.positivesinnovations.fr\/wp-content\/uploads\/2024\/11\/Capture-768x359.jpg 768w, https:\/\/www.positivesinnovations.fr\/wp-content\/uploads\/2024\/11\/Capture.jpg 1047w\" sizes=\"(max-width: 706px) 89vw, (max-width: 767px) 82vw, 740px\" \/><\/figure>\n<figcaption class=\"blocks-gallery-caption wp-element-caption\">&#8230;<\/figcaption><\/figure>\n\n\n\n<h6 class=\"wp-block-heading\"><strong>L&rsquo;offre de Positives Innovations s&rsquo;adresse aussi bien au entreprises, qu&rsquo;aux collectivit\u00e9s, qu&rsquo;aux associations, petites ou grandes. <\/strong><\/h6>\n\n\n\n<h6 class=\"wp-block-heading\"><strong>Cette diversit\u00e9 de clients fait la richesse de nos prestations qui se nourrissent de toutes ces exp\u00e9riences v\u00e9cues  et qui nous permettent d&rsquo;\u00eatre au plus pr\u00e8s de vos besoins et de vos probl\u00e9matiques.<\/strong><\/h6>\n\n\n\n<div class=\"wp-block-group\"><div class=\"wp-block-group__inner-container is-layout-flow wp-block-group-is-layout-flow\">\n<div class=\"wp-block-group alignfull\"><div class=\"wp-block-group__inner-container is-layout-flow wp-block-group-is-layout-flow\">\n<div class=\"wp-block-columns alignfull is-layout-flex wp-container-core-columns-is-layout-2 wp-block-columns-is-layout-flex\">\n<div class=\"wp-block-column is-layout-flow wp-block-column-is-layout-flow\" style=\"flex-basis:100%\">\n<div class=\"wp-block-group\"><div class=\"wp-block-group__inner-container is-layout-flow wp-block-group-is-layout-flow\">\n<div class=\"wp-block-columns is-layout-flex wp-container-core-columns-is-layout-1 wp-block-columns-is-layout-flex\">\n<div class=\"wp-block-column is-vertically-aligned-top is-layout-flow wp-block-column-is-layout-flow\" style=\"flex-basis:100%\"><\/div>\n<\/div>\n<\/div><\/div>\n<\/div>\n<\/div>\n<\/div><\/div>\n<\/div><\/div>\n\n\n\n<p><\/p>\n","protected":false},"excerpt":{"rendered":"<p>Ils nous ont fait confiance : L&rsquo;offre de Positives Innovations s&rsquo;adresse aussi bien au entreprises, qu&rsquo;aux collectivit\u00e9s, qu&rsquo;aux associations, petites ou grandes. Cette diversit\u00e9 de clients fait la richesse de nos prestations qui se nourrissent de toutes ces exp\u00e9riences v\u00e9cues et qui nous permettent d&rsquo;\u00eatre au plus pr\u00e8s de vos besoins et de vos probl\u00e9matiques.<\/p>\n","protected":false},"author":1,"featured_media":0,"parent":0,"menu_order":0,"comment_status":"closed","ping_status":"closed","template":"","meta":{"footnotes":""},"_links":{"self":[{"href":"https:\/\/www.positivesinnovations.fr\/index.php\/wp-json\/wp\/v2\/pages\/67"}],"collection":[{"href":"https:\/\/www.positivesinnovations.fr\/index.php\/wp-json\/wp\/v2\/pages"}],"about":[{"href":"https:\/\/www.positivesinnovations.fr\/index.php\/wp-json\/wp\/v2\/types\/page"}],"author":[{"embeddable":true,"href":"https:\/\/www.positivesinnovations.fr\/index.php\/wp-json\/wp\/v2\/users\/1"}],"replies":[{"embeddable":true,"href":"https:\/\/www.positivesinnovations.fr\/index.php\/wp-json\/wp\/v2\/comments?post=67"}],"version-history":[{"count":22,"href":"https:\/\/www.positivesinnovations.fr\/index.php\/wp-json\/wp\/v2\/pages\/67\/revisions"}],"predecessor-version":[{"id":434,"href":"https:\/\/www.positivesinnovations.fr\/index.php\/wp-json\/wp\/v2\/pages\/67\/revisions\/434"}],"wp:attachment":[{"href":"https:\/\/www.positivesinnovations.fr\/index.php\/wp-json\/wp\/v2\/media?parent=67"}],"curies":[{"name":"wp","href":"https:\/\/api.w.org\/{rel}","templated":true}]}}