{"id":73,"date":"2021-10-12T08:05:26","date_gmt":"2021-10-12T06:05:26","guid":{"rendered":"http:\/\/positivesinnovations.fr\/?page_id=73"},"modified":"2021-10-22T08:07:57","modified_gmt":"2021-10-22T06:07:57","slug":"boutique","status":"publish","type":"page","link":"https:\/\/www.positivesinnovations.fr\/index.php\/boutique\/","title":{"rendered":"#Atouts C\u0153ur!"},"content":{"rendered":"\n<div class=\"wp-block-image\"><figure class=\"alignleft size-large is-resized\"><a href=\"https:\/\/positives-innovations.sumup.link\/atouts-coeur\"><img loading=\"lazy\" decoding=\"async\" src=\"http:\/\/positivesinnovations.fr\/wp-content\/uploads\/2021\/10\/V2-atouts-coeur-presentation-01-1024x764.png\" alt=\"\" class=\"wp-image-228\" width=\"612\" height=\"456\" srcset=\"https:\/\/www.positivesinnovations.fr\/wp-content\/uploads\/2021\/10\/V2-atouts-coeur-presentation-01-1024x764.png 1024w, https:\/\/www.positivesinnovations.fr\/wp-content\/uploads\/2021\/10\/V2-atouts-coeur-presentation-01-300x224.png 300w, https:\/\/www.positivesinnovations.fr\/wp-content\/uploads\/2021\/10\/V2-atouts-coeur-presentation-01-768x573.png 768w, https:\/\/www.positivesinnovations.fr\/wp-content\/uploads\/2021\/10\/V2-atouts-coeur-presentation-01-1536x1146.png 1536w, https:\/\/www.positivesinnovations.fr\/wp-content\/uploads\/2021\/10\/V2-atouts-coeur-presentation-01.png 1639w\" sizes=\"(max-width: 612px) 100vw, 612px\" \/><\/a><\/figure><\/div>\n\n\n\n<p>D\u00e9velopp\u00e9 gr\u00e2ce \u00e0 l&rsquo;intelligence collective, co-construit avec une sexologue, une th\u00e9rapeute de couple, test\u00e9 et am\u00e9lior\u00e9 par de nombreux couples, ce jeu est le premier d&rsquo;une s\u00e9rie \u00e0 venir.<\/p>\n\n\n\n<p><a href=\"https:\/\/positives-innovations.sumup.link\/atouts-coeur\">Atouts C\u0153urs!<\/a> offre aux couples la possibilit\u00e9 de se d\u00e9couvrir autrement, d&rsquo;\u00e9changer et on l&rsquo;esp\u00e8re de rire! <\/p>\n\n\n\n<p>Parce qu&rsquo;un couple partage une vision, des valeurs, des projets, des envies, des besoins, des r\u00e9alisations et un entourage, parties prenantes du couple, il n&rsquo;est pas loin de fonctionner comme une organisation m\u00eame s&rsquo;il est si sp\u00e9cifique et si particulier. <\/p>\n\n\n\n<p>Nourrir par le jeu son couple, partager des moments \u00e9tonnants, voici ce que propose Atouts C\u0153ur! <\/p>\n\n\n\n<p>R\u00eav\u00e9, imagin\u00e9, co-cr\u00e9\u00e9 et d\u00e9velopp\u00e9 en France Atouts C\u0153ur! est <a href=\"https:\/\/positives-innovations.sumup.link\/atouts-coeur\" data-type=\"URL\">en vente au prix de 20\u20acTTC<\/a> ou sur <a rel=\"noreferrer noopener\" href=\"https:\/\/positives-innovations.sumup.link\/atouts-coeur\" target=\"_blank\">https:\/\/positives-innovations.sumup.link\/atouts-coeur<\/a><\/p>\n\n\n\n<p>Atouts C\u0153ur!<\/p>\n\n\n\n<figure class=\"wp-block-image size-large\"><img loading=\"lazy\" decoding=\"async\" width=\"1024\" height=\"652\" src=\"https:\/\/positivesinnovations.fr\/wp-content\/uploads\/2021\/10\/P100071812-1024x652.jpg\" alt=\"\" class=\"wp-image-236\" srcset=\"https:\/\/www.positivesinnovations.fr\/wp-content\/uploads\/2021\/10\/P100071812-1024x652.jpg 1024w, https:\/\/www.positivesinnovations.fr\/wp-content\/uploads\/2021\/10\/P100071812-300x191.jpg 300w, https:\/\/www.positivesinnovations.fr\/wp-content\/uploads\/2021\/10\/P100071812-768x489.jpg 768w, https:\/\/www.positivesinnovations.fr\/wp-content\/uploads\/2021\/10\/P100071812-1536x978.jpg 1536w, https:\/\/www.positivesinnovations.fr\/wp-content\/uploads\/2021\/10\/P100071812-2048x1304.jpg 2048w\" sizes=\"(max-width: 706px) 89vw, (max-width: 767px) 82vw, 740px\" \/><figcaption>Atouts C\u0153ur!<\/figcaption><\/figure>\n","protected":false},"excerpt":{"rendered":"<p>D\u00e9velopp\u00e9 gr\u00e2ce \u00e0 l&rsquo;intelligence collective, co-construit avec une sexologue, une th\u00e9rapeute de couple, test\u00e9 et am\u00e9lior\u00e9 par de nombreux couples, ce jeu est le premier d&rsquo;une s\u00e9rie \u00e0 venir. Atouts C\u0153urs! offre aux couples la possibilit\u00e9 de se d\u00e9couvrir autrement, d&rsquo;\u00e9changer et on l&rsquo;esp\u00e8re de rire! Parce qu&rsquo;un couple partage une vision, des valeurs, des &hellip; <\/p>\n<p class=\"link-more\"><a href=\"https:\/\/www.positivesinnovations.fr\/index.php\/boutique\/\" class=\"more-link\">Continuer la lecture<span class=\"screen-reader-text\"> de &laquo;&nbsp;#Atouts C\u0153ur!&nbsp;&raquo;<\/span><\/a><\/p>\n","protected":false},"author":1,"featured_media":0,"parent":0,"menu_order":0,"comment_status":"closed","ping_status":"closed","template":"","meta":{"footnotes":""},"_links":{"self":[{"href":"https:\/\/www.positivesinnovations.fr\/index.php\/wp-json\/wp\/v2\/pages\/73"}],"collection":[{"href":"https:\/\/www.positivesinnovations.fr\/index.php\/wp-json\/wp\/v2\/pages"}],"about":[{"href":"https:\/\/www.positivesinnovations.fr\/index.php\/wp-json\/wp\/v2\/types\/page"}],"author":[{"embeddable":true,"href":"https:\/\/www.positivesinnovations.fr\/index.php\/wp-json\/wp\/v2\/users\/1"}],"replies":[{"embeddable":true,"href":"https:\/\/www.positivesinnovations.fr\/index.php\/wp-json\/wp\/v2\/comments?post=73"}],"version-history":[{"count":8,"href":"https:\/\/www.positivesinnovations.fr\/index.php\/wp-json\/wp\/v2\/pages\/73\/revisions"}],"predecessor-version":[{"id":240,"href":"https:\/\/www.positivesinnovations.fr\/index.php\/wp-json\/wp\/v2\/pages\/73\/revisions\/240"}],"wp:attachment":[{"href":"https:\/\/www.positivesinnovations.fr\/index.php\/wp-json\/wp\/v2\/media?parent=73"}],"curies":[{"name":"wp","href":"https:\/\/api.w.org\/{rel}","templated":true}]}}