{"id":8,"date":"2021-10-10T13:12:06","date_gmt":"2021-10-10T11:12:06","guid":{"rendered":"http:\/\/positivesinnovations.fr\/?page_id=8"},"modified":"2023-04-25T12:37:47","modified_gmt":"2023-04-25T10:37:47","slug":"a-propos-de","status":"publish","type":"page","link":"https:\/\/www.positivesinnovations.fr\/index.php\/a-propos-de\/","title":{"rendered":"Le D\u00e9veloppement Durable au c\u0153ur"},"content":{"rendered":"\n<h6 class=\"has-neve-link-hover-color-color has-text-color wp-block-heading\"><strong>#Entreprises #Collectivit\u00e9s  #Associations                   <\/strong><\/h6>\n\n\n\n<h5 class=\"wp-block-heading\"><strong><mark style=\"background-color:rgba(0, 0, 0, 0)\" class=\"has-inline-color has-neve-link-hover-color-color\">Comment prendre soin des besoins de VOs usagers\/clients, de VOs collaborateurs, de VOs partenaires, du territoire tout en prenant soin de la plan\u00e8te?<\/mark><\/strong><img decoding=\"async\" style=\"width: 1px;\" src=\"https:\/\/lh5.googleusercontent.com\/eFm1S-InROra4qg2ynfCSP_Vmq0pKYkj6dNMCccZIct4naiQHR3nxmrIteuCVFK1bVh3jvvhL164mnmUbwP4RUvSQwPfcmo_mtH9mpyAwGBHZIr8RxZZ8qsYQEh1XM3NtaOl15RZ3BQ=s1600\"><\/h5>\n\n\n\n<h6 class=\"wp-block-heading\">Comme il n&rsquo;y a pas de plan\u00e8te B, comment faire pour assurer \u00e0 la fois une satisfaction r\u00e9elle voire augment\u00e9e des besoins des diff\u00e9rentes parties prenantes, clients, collaborateurs &#8230; tout en minimisant son impact sur la plan\u00e8te, tout en restant en de\u00e7\u00e0 des limites plan\u00e9taires tel que le pr\u00e9conise Kate Raworth avec sa Th\u00e9orie du Donut .<\/h6>\n\n\n\n<h6 class=\"wp-block-heading\">Comment faire vite et efficace?<\/h6>\n\n\n\n<h6 class=\"wp-block-heading\">Nous vous proposons de vous accompagner dans vos d\u00e9marches de transformations positives, durables, r\u00e9g\u00e9n\u00e9ratrices. S&rsquo;impr\u00e9gner des enjeux, embrasser un regard syst\u00e9mique, observer et porter un diagnostic \u00e9clair\u00e9, sans complaisance mais avec une envie de changer les choses, identifier ses richesses mais aussi ses impacts, ses d\u00e9pendances. <\/h6>\n\n\n\n<h6 class=\"wp-block-heading\">Mettre en \u0153uvre la RSE avec sa norme ISO 26000, les 17 Objectifs de D\u00e9veloppement Durable des Nations Unies, changer son mod\u00e8le \u00e9conomique pour qu&rsquo;il soit r\u00e9g\u00e9n\u00e9ratif. Repenser son offre, son Business Model en \u00e9tant cr\u00e9atif, se fixer des objectifs clairs et atteignables. Engager ses \u00e9quipes dans cette aventure passionnante porteuse de sens, cr\u00e9atrice de liens, Embarquer ses clients, ses fournisseurs, mieux s&rsquo;ancrer sur son territoire.  Nous vous accompagnons :))<\/h6>\n\n\n\n<h6 class=\"wp-block-heading\">Outre un accompagnement plus \u00ab\u00a0classique\u00a0\u00bb mais non moins riche nous vous proposons de vous accompagner \u00e0 faire un pas de c\u00f4t\u00e9 : s&rsquo;inspirer du vivant et du fonctionnement des arbres, de la permaculture appliqu\u00e9e non pas au potager mais aux organisations telles qu&rsquo;une entreprise ou une collectivit\u00e9 pour rendre votre organisation plus p\u00e9renne et durable, plus r\u00e9siliente face aux d\u00e9fis d&rsquo;aujourd&rsquo;hui.<\/h6>\n\n\n\n<h6 class=\"wp-block-heading\"><mark style=\"background-color:rgba(0, 0, 0, 0)\" class=\"has-inline-color has-neve-link-color-color\">P<\/mark><mark style=\"background-color:rgba(0, 0, 0, 0)\" class=\"has-inline-color has-neve-link-hover-color-color\">ositives Innovations s&rsquo;appuie sur ce que vous \u00eates, sur vos richesses, vos comp\u00e9tences, vos \u00e9quipes, votre r\u00e9seau, vos r\u00e9ussites, votre \u00e9cosyst\u00e8me, pour qu&rsquo;ensemble vous co-construisiez vos propres solutions positives et durables.<\/mark><\/h6>\n\n\n\n<p>#Accompagement #Facilitation #Sensibilisation<\/p>\n","protected":false},"excerpt":{"rendered":"<p>#Entreprises #Collectivit\u00e9s #Associations Comment prendre soin des besoins de VOs usagers\/clients, de VOs collaborateurs, de VOs partenaires, du territoire tout en prenant soin de la plan\u00e8te? Comme il n&rsquo;y a pas de plan\u00e8te B, comment faire pour assurer \u00e0 la fois une satisfaction r\u00e9elle voire augment\u00e9e des besoins des diff\u00e9rentes parties prenantes, clients, collaborateurs &#8230; &hellip; <\/p>\n<p class=\"link-more\"><a href=\"https:\/\/www.positivesinnovations.fr\/index.php\/a-propos-de\/\" class=\"more-link\">Continuer la lecture<span class=\"screen-reader-text\"> de &laquo;&nbsp;Le D\u00e9veloppement Durable au c\u0153ur&nbsp;&raquo;<\/span><\/a><\/p>\n","protected":false},"author":1,"featured_media":0,"parent":0,"menu_order":0,"comment_status":"closed","ping_status":"closed","template":"","meta":{"footnotes":""},"_links":{"self":[{"href":"https:\/\/www.positivesinnovations.fr\/index.php\/wp-json\/wp\/v2\/pages\/8"}],"collection":[{"href":"https:\/\/www.positivesinnovations.fr\/index.php\/wp-json\/wp\/v2\/pages"}],"about":[{"href":"https:\/\/www.positivesinnovations.fr\/index.php\/wp-json\/wp\/v2\/types\/page"}],"author":[{"embeddable":true,"href":"https:\/\/www.positivesinnovations.fr\/index.php\/wp-json\/wp\/v2\/users\/1"}],"replies":[{"embeddable":true,"href":"https:\/\/www.positivesinnovations.fr\/index.php\/wp-json\/wp\/v2\/comments?post=8"}],"version-history":[{"count":44,"href":"https:\/\/www.positivesinnovations.fr\/index.php\/wp-json\/wp\/v2\/pages\/8\/revisions"}],"predecessor-version":[{"id":417,"href":"https:\/\/www.positivesinnovations.fr\/index.php\/wp-json\/wp\/v2\/pages\/8\/revisions\/417"}],"wp:attachment":[{"href":"https:\/\/www.positivesinnovations.fr\/index.php\/wp-json\/wp\/v2\/media?parent=8"}],"curies":[{"name":"wp","href":"https:\/\/api.w.org\/{rel}","templated":true}]}}