{"id":9,"date":"2021-10-10T13:12:06","date_gmt":"2021-10-10T11:12:06","guid":{"rendered":"http:\/\/positivesinnovations.fr\/?page_id=9"},"modified":"2024-11-19T09:18:42","modified_gmt":"2024-11-19T08:18:42","slug":"contact","status":"publish","type":"page","link":"https:\/\/www.positivesinnovations.fr\/index.php\/contact\/","title":{"rendered":"Contact"},"content":{"rendered":"\n<h6 class=\"wp-block-heading\">N&rsquo;h\u00e9sitez pas \u00e0 nous contacter par mail \u00e0 :     <strong><mark style=\"background-color:rgba(0, 0, 0, 0)\" class=\"has-inline-color has-neve-link-hover-color-color\">mariejulierock@positivesinnovations.fr<\/mark><\/strong><\/h6>\n\n\n\n<h6 class=\"wp-block-heading\">ou au<strong> <mark style=\"background-color:rgba(0, 0, 0, 0)\" class=\"has-inline-color has-neve-link-color-color\">06 85 59 85 98<\/mark><\/strong><\/h6>\n\n\n\n<h6 class=\"wp-block-heading\"><strong>Nous nous ferons une plaisir de vous r\u00e9pondre et vous remercions pour votre visite \ud83d\ude42<\/strong><\/h6>\n\n\n\n<h5 class=\"wp-block-heading\"><strong>Mentions L\u00e9gales :<\/strong><\/h5>\n\n\n\n<h6 class=\"wp-block-heading\"><strong>Positives innovations est une marque de Positives Innovations SAS &#8211; capital social de 5000 \u20ac &#8211; n\u00b0 SIRET : 847 805 892 &#8211; RCS de Lille M\u00e9tropole &#8211; Si\u00e8ge social : le ch\u00e2teau &#8211; RN 41 &#8211; 59134 \u2013 Fournes-en-Weppes (Lille)<\/strong><\/h6>\n\n\n\n<h6 class=\"wp-block-heading\"><strong>Toute reproduction m\u00eame partielle de ce site est interdite sans autorisation \u00e9crite de Marie-Julie Rock &#8211;  Pr\u00e9sidente de Positives Innovations et membre d&rsquo;OPTEOS, cooperative d&rsquo;entrepreneurs innovante.<\/strong><\/h6>\n\n\n\n<h5 class=\"wp-block-heading\"><strong>OVH \u2013&nbsp;2 Rue Kellermann, 59100 Roubaix &#8211;&nbsp;09 72 10 10 07 <\/strong><\/h5>\n\n\n\n<h6 class=\"wp-block-heading\"><strong>Responsables de la publication\u00a0: Marie-Julie ROCK &#8211; 06 85 59 85 98  &#8211;  Nous ne collectons pas de donn\u00e9es personnelles. <\/strong><\/h6>\n\n\n\n<h5 class=\"wp-block-heading\">Cr\u00e9dit photos: Positives Innovations SAS<\/h5>\n","protected":false},"excerpt":{"rendered":"<p>N&rsquo;h\u00e9sitez pas \u00e0 nous contacter par mail \u00e0 : mariejulierock@positivesinnovations.fr ou au 06 85 59 85 98 Nous nous ferons une plaisir de vous r\u00e9pondre et vous remercions pour votre visite \ud83d\ude42 Mentions L\u00e9gales : Positives innovations est une marque de Positives Innovations SAS &#8211; capital social de 5000 \u20ac &#8211; n\u00b0 SIRET : 847 &hellip; <\/p>\n<p class=\"link-more\"><a href=\"https:\/\/www.positivesinnovations.fr\/index.php\/contact\/\" class=\"more-link\">Continuer la lecture<span class=\"screen-reader-text\"> de &laquo;&nbsp;Contact&nbsp;&raquo;<\/span><\/a><\/p>\n","protected":false},"author":1,"featured_media":0,"parent":0,"menu_order":0,"comment_status":"closed","ping_status":"closed","template":"","meta":{"footnotes":""},"_links":{"self":[{"href":"https:\/\/www.positivesinnovations.fr\/index.php\/wp-json\/wp\/v2\/pages\/9"}],"collection":[{"href":"https:\/\/www.positivesinnovations.fr\/index.php\/wp-json\/wp\/v2\/pages"}],"about":[{"href":"https:\/\/www.positivesinnovations.fr\/index.php\/wp-json\/wp\/v2\/types\/page"}],"author":[{"embeddable":true,"href":"https:\/\/www.positivesinnovations.fr\/index.php\/wp-json\/wp\/v2\/users\/1"}],"replies":[{"embeddable":true,"href":"https:\/\/www.positivesinnovations.fr\/index.php\/wp-json\/wp\/v2\/comments?post=9"}],"version-history":[{"count":11,"href":"https:\/\/www.positivesinnovations.fr\/index.php\/wp-json\/wp\/v2\/pages\/9\/revisions"}],"predecessor-version":[{"id":430,"href":"https:\/\/www.positivesinnovations.fr\/index.php\/wp-json\/wp\/v2\/pages\/9\/revisions\/430"}],"wp:attachment":[{"href":"https:\/\/www.positivesinnovations.fr\/index.php\/wp-json\/wp\/v2\/media?parent=9"}],"curies":[{"name":"wp","href":"https:\/\/api.w.org\/{rel}","templated":true}]}}